{"id":29816,"date":"2026-03-10T14:29:19","date_gmt":"2026-03-10T14:29:19","guid":{"rendered":"https:\/\/cutflow.app\/?page_id=29816"},"modified":"2026-03-11T13:23:14","modified_gmt":"2026-03-11T13:23:14","slug":"data-deletion","status":"publish","type":"page","link":"https:\/\/cutflow.app\/es\/legal\/data-deletion\/","title":{"rendered":"Legal Data Deletion"},"content":{"rendered":"<h1 class=\"wp-block-heading has-text-align-center\">CUTFLOW<\/h1>\n\n\n\n<h2 class=\"wp-block-heading has-text-align-center\">Instrucciones para la eliminaci\u00f3n de datos<\/h2>\n\n\n\n<p>Valoramos su privacidad y nos comprometemos a garantizar que su informaci\u00f3n personal se trate con el m\u00e1ximo cuidado. Si desea eliminar sus datos de nuestra aplicaci\u00f3n, hemos habilitado un proceso sencillo para ayudarle a hacerlo. Las siguientes instrucciones le guiar\u00e1n a trav\u00e9s de los pasos necesarios para eliminar sus datos de forma completa y segura. Por favor, l\u00e9alas detenidamente para asegurarse de que toda su informaci\u00f3n sea eliminada de nuestros sistemas.<\/p>\n\n\n\n<ul class=\"wp-block-list\">\n<li>Inicia sesi\u00f3n en la aplicaci\u00f3n.<\/li>\n\n\n\n<li>Aseg\u00farese de que su cuenta de usuario est\u00e9 activa.<\/li>\n\n\n\n<li>Dir\u00edgete a la pesta\u00f1a Configuraci\u00f3n, que se encuentra tocando el icono del engranaje en la parte inferior derecha de la pantalla.<\/li>\n\n\n\n<li>Despl\u00e1zate hacia abajo y localiza la secci\u00f3n \u00abGestionar cuenta\u00bb, donde podr\u00e1s administrar tu cuenta y acceder a la configuraci\u00f3n de la zona de peligro.<\/li>\n\n\n\n<li>Selecciona la opci\u00f3n \u00abEliminar cuenta\u00bb para eliminar tu cuenta y toda tu informaci\u00f3n personal de Cutflow.<\/li>\n\n\n\n<li>En la pantalla de eliminaci\u00f3n de cuenta, introduce tu direcci\u00f3n de correo electr\u00f3nico en el campo de entrada proporcionado.<\/li>\n\n\n\n<li>Presione el bot\u00f3n \u00abEliminar\u00bb.<\/li>\n\n\n\n<li>Confirme la eliminaci\u00f3n aceptando la alerta de confirmaci\u00f3n.<\/li>\n\n\n\n<li>Se cerrar\u00e1 su sesi\u00f3n y la plataforma eliminar\u00e1 inmediatamente toda su informaci\u00f3n.<\/li>\n<\/ul>\n\n\n\n<p>Esperamos que esta gu\u00eda le haya ayudado a comprender c\u00f3mo eliminar su cuenta y sus datos personales de nuestra aplicaci\u00f3n. Su privacidad es primordial para nosotros, y nos esforzamos por hacer que la gesti\u00f3n de sus datos sea lo m\u00e1s transparente y sencilla posible. Si surge alg\u00fan inconveniente o tiene alguna pregunta durante el proceso de eliminaci\u00f3n, por favor no dude en ponerse en contacto con nuestro equipo de soporte. Gracias por formar parte de nuestra comunidad; agradecemos su colaboraci\u00f3n para garantizar la privacidad de sus datos.<\/p>\n\n\n\n<h3 class=\"wp-block-heading\">Cont\u00e1ctanos<\/h3>\n\n\n\n<p>Todos los comentarios, preguntas, inquietudes o quejas relacionados con su informaci\u00f3n personal o con nuestras pr\u00e1cticas de privacidad deben dirigirse a nuestro Responsable de Privacidad de la siguiente manera:<\/p>\n\n\n\n<figure class=\"wp-block-table is-style-stripes\"><table class=\"has-fixed-layout\"><tbody><tr><td><\/td><td>Cutflow<\/td><\/tr><tr><td>Por correo electr\u00f3nico:<\/td><td>support@cutflow.app<\/td><\/tr><\/tbody><\/table><\/figure>\n\n\n\n<p><\/p>","protected":false},"excerpt":{"rendered":"<p>CUTFLOW DATA DELETION INSTRUCTIONS We value your privacy and are committed to ensuring that your personal information is handled with the utmost care. If you wish to delete your data&hellip;<\/p>","protected":false},"author":1,"featured_media":0,"parent":29834,"menu_order":0,"comment_status":"closed","ping_status":"closed","template":"","meta":{"footnotes":""},"class_list":["post-29816","page","type-page","status-publish","hentry"],"_links":{"self":[{"href":"https:\/\/cutflow.app\/es\/wp-json\/wp\/v2\/pages\/29816","targetHints":{"allow":["GET"]}}],"collection":[{"href":"https:\/\/cutflow.app\/es\/wp-json\/wp\/v2\/pages"}],"about":[{"href":"https:\/\/cutflow.app\/es\/wp-json\/wp\/v2\/types\/page"}],"author":[{"embeddable":true,"href":"https:\/\/cutflow.app\/es\/wp-json\/wp\/v2\/users\/1"}],"replies":[{"embeddable":true,"href":"https:\/\/cutflow.app\/es\/wp-json\/wp\/v2\/comments?post=29816"}],"version-history":[{"count":2,"href":"https:\/\/cutflow.app\/es\/wp-json\/wp\/v2\/pages\/29816\/revisions"}],"predecessor-version":[{"id":29822,"href":"https:\/\/cutflow.app\/es\/wp-json\/wp\/v2\/pages\/29816\/revisions\/29822"}],"up":[{"embeddable":true,"href":"https:\/\/cutflow.app\/es\/wp-json\/wp\/v2\/pages\/29834"}],"wp:attachment":[{"href":"https:\/\/cutflow.app\/es\/wp-json\/wp\/v2\/media?parent=29816"}],"curies":[{"name":"wp","href":"https:\/\/api.w.org\/{rel}","templated":true}]}}